{"id":3,"date":"2020-07-21T23:27:53","date_gmt":"2020-07-21T21:27:53","guid":{"rendered":"http:\/\/localhost\/bastigue\/?page_id=3"},"modified":"2021-07-01T02:21:39","modified_gmt":"2021-07-01T00:21:39","slug":"politique-de-confidentialite","status":"publish","type":"page","link":"http:\/\/labastige-saintpaul.fr\/en\/politique-de-confidentialite\/","title":{"rendered":"Privacy policy"},"content":{"rendered":"<h2 class=\"wp-block-heading\">Use of personal data<\/h2>\n\n\n\n<h3 class=\"wp-block-heading\">Contact forms<\/h3>\n\n\n\n<p>If you fill in the contact form on our site, you will be asked to register your name and e-mail address, <\/p>\n\n\n\n<h3 class=\"wp-block-heading\">Embedded content from other sites<\/h3>\n\n\n\n<p>During your browsing, a temporary cookie is created, it does not contain any personal data and will be automatically deleted when you close your browser. It is used for audience measurement and statistics.<br>Articles on this site may include embedded content (e.g. videos, images, articles...). Content integrated from other sites behaves in the same way as if the visitor were visiting that other site.<\/p>\n\n\n\n<p>These websites may collect data about you, use cookies, embed third-party tracking tools, track your interactions with such embedded content if you have an account connected to their website.<\/p>\n\n\n\n<h2 class=\"wp-block-heading\">Use and transmission of your personal data<\/h2>\n\n\n\n<p>Your personal data linked to the contact form are only kept for the purpose of exchanges, no data will be transmitted to a third party. <\/p>\n\n\n\n<h2 class=\"wp-block-heading\">The rights you have over your data<\/h2>\n\n\n\n<p>You can also request the deletion of your personal data. This does not include data stored for administrative, legal or security purposes.<\/p>","protected":false},"excerpt":{"rendered":"<p>Utilisation des donn\u00e9es personnelles Formulaires de contact Si vous remplissez le formulaire de contact de notre site, il vous sera propos\u00e9 d\u2019enregistrer votre nom, adresse de messagerie, Contenu embarqu\u00e9 depuis d\u2019autres sites Durant votre navigation, un cookie temporaire est cr\u00e9\u00e9, il ne contient pas de donn\u00e9es personnelles et sera supprim\u00e9 automatiquement \u00e0 la fermeture de&hellip;<\/p>","protected":false},"author":1,"featured_media":0,"parent":0,"menu_order":0,"comment_status":"closed","ping_status":"open","template":"","meta":{"footnotes":""},"yoast_head":"<!-- This site is optimized with the Yoast SEO plugin v24.0 - https:\/\/yoast.com\/wordpress\/plugins\/seo\/ -->\n<title>Politique de confidentialit\u00e9 - La Bastige de Saint-Paul<\/title>\n<meta name=\"robots\" content=\"index, follow, max-snippet:-1, max-image-preview:large, max-video-preview:-1\" \/>\n<link rel=\"canonical\" href=\"http:\/\/labastige-saintpaul.fr\/en\/politique-de-confidentialite\/\" \/>\n<meta property=\"og:locale\" content=\"en_GB\" \/>\n<meta property=\"og:type\" content=\"article\" \/>\n<meta property=\"og:title\" content=\"Politique de confidentialit\u00e9 - La Bastige de Saint-Paul\" \/>\n<meta property=\"og:description\" content=\"Utilisation des donn\u00e9es personnelles Formulaires de contact Si vous remplissez le formulaire de contact de notre site, il vous sera propos\u00e9 d\u2019enregistrer votre nom, adresse de messagerie, Contenu embarqu\u00e9 depuis d\u2019autres sites Durant votre navigation, un cookie temporaire est cr\u00e9\u00e9, il ne contient pas de donn\u00e9es personnelles et sera supprim\u00e9 automatiquement \u00e0 la fermeture de&hellip;\" \/>\n<meta property=\"og:url\" content=\"http:\/\/labastige-saintpaul.fr\/en\/politique-de-confidentialite\/\" \/>\n<meta property=\"og:site_name\" content=\"La Bastige de Saint-Paul\" \/>\n<meta property=\"article:modified_time\" content=\"2021-07-01T00:21:39+00:00\" \/>\n<meta name=\"twitter:card\" content=\"summary_large_image\" \/>\n<meta name=\"twitter:label1\" content=\"Estimated reading time\" \/>\n\t<meta name=\"twitter:data1\" content=\"1 minute\" \/>\n<script type=\"application\/ld+json\" class=\"yoast-schema-graph\">{\"@context\":\"https:\/\/schema.org\",\"@graph\":[{\"@type\":\"WebPage\",\"@id\":\"http:\/\/labastige-saintpaul.fr\/en\/politique-de-confidentialite\/\",\"url\":\"http:\/\/labastige-saintpaul.fr\/en\/politique-de-confidentialite\/\",\"name\":\"Politique de confidentialit\u00e9 - La Bastige de Saint-Paul\",\"isPartOf\":{\"@id\":\"http:\/\/labastige-saintpaul.fr\/#website\"},\"datePublished\":\"2020-07-21T21:27:53+00:00\",\"dateModified\":\"2021-07-01T00:21:39+00:00\",\"breadcrumb\":{\"@id\":\"http:\/\/labastige-saintpaul.fr\/en\/politique-de-confidentialite\/#breadcrumb\"},\"inLanguage\":\"en-GB\",\"potentialAction\":[{\"@type\":\"ReadAction\",\"target\":[\"http:\/\/labastige-saintpaul.fr\/en\/politique-de-confidentialite\/\"]}]},{\"@type\":\"BreadcrumbList\",\"@id\":\"http:\/\/labastige-saintpaul.fr\/en\/politique-de-confidentialite\/#breadcrumb\",\"itemListElement\":[{\"@type\":\"ListItem\",\"position\":1,\"name\":\"Accueil\",\"item\":\"http:\/\/labastige-saintpaul.fr\/\"},{\"@type\":\"ListItem\",\"position\":2,\"name\":\"Politique de confidentialit\u00e9\"}]},{\"@type\":\"WebSite\",\"@id\":\"http:\/\/labastige-saintpaul.fr\/#website\",\"url\":\"http:\/\/labastige-saintpaul.fr\/\",\"name\":\"La Bastige de Saint-Paul\",\"description\":\"\",\"publisher\":{\"@id\":\"http:\/\/labastige-saintpaul.fr\/#organization\"},\"potentialAction\":[{\"@type\":\"SearchAction\",\"target\":{\"@type\":\"EntryPoint\",\"urlTemplate\":\"http:\/\/labastige-saintpaul.fr\/?s={search_term_string}\"},\"query-input\":{\"@type\":\"PropertyValueSpecification\",\"valueRequired\":true,\"valueName\":\"search_term_string\"}}],\"inLanguage\":\"en-GB\"},{\"@type\":\"Organization\",\"@id\":\"http:\/\/labastige-saintpaul.fr\/#organization\",\"name\":\"La Bastige Saint-Paul\",\"url\":\"http:\/\/labastige-saintpaul.fr\/\",\"logo\":{\"@type\":\"ImageObject\",\"inLanguage\":\"en-GB\",\"@id\":\"http:\/\/labastige-saintpaul.fr\/#\/schema\/logo\/image\/\",\"url\":\"http:\/\/labastige-saintpaul.fr\/wp-content\/uploads\/slider4\/Logo-Bastige.png\",\"contentUrl\":\"http:\/\/labastige-saintpaul.fr\/wp-content\/uploads\/slider4\/Logo-Bastige.png\",\"width\":1366,\"height\":768,\"caption\":\"La Bastige Saint-Paul\"},\"image\":{\"@id\":\"http:\/\/labastige-saintpaul.fr\/#\/schema\/logo\/image\/\"}}]}<\/script>\n<!-- \/ Yoast SEO plugin. -->","yoast_head_json":{"title":"Politique de confidentialit\u00e9 - La Bastige de Saint-Paul","robots":{"index":"index","follow":"follow","max-snippet":"max-snippet:-1","max-image-preview":"max-image-preview:large","max-video-preview":"max-video-preview:-1"},"canonical":"http:\/\/labastige-saintpaul.fr\/en\/politique-de-confidentialite\/","og_locale":"en_GB","og_type":"article","og_title":"Politique de confidentialit\u00e9 - La Bastige de Saint-Paul","og_description":"Utilisation des donn\u00e9es personnelles Formulaires de contact Si vous remplissez le formulaire de contact de notre site, il vous sera propos\u00e9 d\u2019enregistrer votre nom, adresse de messagerie, Contenu embarqu\u00e9 depuis d\u2019autres sites Durant votre navigation, un cookie temporaire est cr\u00e9\u00e9, il ne contient pas de donn\u00e9es personnelles et sera supprim\u00e9 automatiquement \u00e0 la fermeture de&hellip;","og_url":"http:\/\/labastige-saintpaul.fr\/en\/politique-de-confidentialite\/","og_site_name":"La Bastige de Saint-Paul","article_modified_time":"2021-07-01T00:21:39+00:00","twitter_card":"summary_large_image","twitter_misc":{"Estimated reading time":"1 minute"},"schema":{"@context":"https:\/\/schema.org","@graph":[{"@type":"WebPage","@id":"http:\/\/labastige-saintpaul.fr\/en\/politique-de-confidentialite\/","url":"http:\/\/labastige-saintpaul.fr\/en\/politique-de-confidentialite\/","name":"Politique de confidentialit\u00e9 - La Bastige de Saint-Paul","isPartOf":{"@id":"http:\/\/labastige-saintpaul.fr\/#website"},"datePublished":"2020-07-21T21:27:53+00:00","dateModified":"2021-07-01T00:21:39+00:00","breadcrumb":{"@id":"http:\/\/labastige-saintpaul.fr\/en\/politique-de-confidentialite\/#breadcrumb"},"inLanguage":"en-GB","potentialAction":[{"@type":"ReadAction","target":["http:\/\/labastige-saintpaul.fr\/en\/politique-de-confidentialite\/"]}]},{"@type":"BreadcrumbList","@id":"http:\/\/labastige-saintpaul.fr\/en\/politique-de-confidentialite\/#breadcrumb","itemListElement":[{"@type":"ListItem","position":1,"name":"Accueil","item":"http:\/\/labastige-saintpaul.fr\/"},{"@type":"ListItem","position":2,"name":"Politique de confidentialit\u00e9"}]},{"@type":"WebSite","@id":"http:\/\/labastige-saintpaul.fr\/#website","url":"http:\/\/labastige-saintpaul.fr\/","name":"La Bastige de Saint-Paul","description":"","publisher":{"@id":"http:\/\/labastige-saintpaul.fr\/#organization"},"potentialAction":[{"@type":"SearchAction","target":{"@type":"EntryPoint","urlTemplate":"http:\/\/labastige-saintpaul.fr\/?s={search_term_string}"},"query-input":{"@type":"PropertyValueSpecification","valueRequired":true,"valueName":"search_term_string"}}],"inLanguage":"en-GB"},{"@type":"Organization","@id":"http:\/\/labastige-saintpaul.fr\/#organization","name":"La Bastige Saint-Paul","url":"http:\/\/labastige-saintpaul.fr\/","logo":{"@type":"ImageObject","inLanguage":"en-GB","@id":"http:\/\/labastige-saintpaul.fr\/#\/schema\/logo\/image\/","url":"http:\/\/labastige-saintpaul.fr\/wp-content\/uploads\/slider4\/Logo-Bastige.png","contentUrl":"http:\/\/labastige-saintpaul.fr\/wp-content\/uploads\/slider4\/Logo-Bastige.png","width":1366,"height":768,"caption":"La Bastige Saint-Paul"},"image":{"@id":"http:\/\/labastige-saintpaul.fr\/#\/schema\/logo\/image\/"}}]}},"_links":{"self":[{"href":"http:\/\/labastige-saintpaul.fr\/en\/wp-json\/wp\/v2\/pages\/3"}],"collection":[{"href":"http:\/\/labastige-saintpaul.fr\/en\/wp-json\/wp\/v2\/pages"}],"about":[{"href":"http:\/\/labastige-saintpaul.fr\/en\/wp-json\/wp\/v2\/types\/page"}],"author":[{"embeddable":true,"href":"http:\/\/labastige-saintpaul.fr\/en\/wp-json\/wp\/v2\/users\/1"}],"replies":[{"embeddable":true,"href":"http:\/\/labastige-saintpaul.fr\/en\/wp-json\/wp\/v2\/comments?post=3"}],"version-history":[{"count":4,"href":"http:\/\/labastige-saintpaul.fr\/en\/wp-json\/wp\/v2\/pages\/3\/revisions"}],"predecessor-version":[{"id":590,"href":"http:\/\/labastige-saintpaul.fr\/en\/wp-json\/wp\/v2\/pages\/3\/revisions\/590"}],"wp:attachment":[{"href":"http:\/\/labastige-saintpaul.fr\/en\/wp-json\/wp\/v2\/media?parent=3"}],"curies":[{"name":"wp","href":"https:\/\/api.w.org\/{rel}","templated":true}]}}