{"id":2,"date":"2020-07-21T23:27:53","date_gmt":"2020-07-21T21:27:53","guid":{"rendered":"http:\/\/localhost\/bastigue\/?page_id=2"},"modified":"2024-12-11T23:50:32","modified_gmt":"2024-12-11T22:50:32","slug":"accueil","status":"publish","type":"page","link":"https:\/\/labastige-saintpaul.fr\/en\/","title":{"rendered":"L&rsquo;esprit de la Bastige"},"content":{"rendered":"<div class=\"divider div-transparent div-dot\"><\/div>\n\n\n\n<p class=\"has-text-align-center eplus-YGcgPf\">Nestled on the hills of the historic village of <strong>Saint-Paul-de-Vence<\/strong>hidden away at the bend of a lane, an elegant villa for rent in a contemporary style opens onto a garden planted with century-old olive trees and a private swimming pool.<\/p>\n\n\n\n<p class=\"has-text-align-center eplus-AOFhYf\">Everything is thought out at <strong>LA BASTIGE<\/strong>, no such thing as hazard.<\/p>\n\n\n\n<p class=\"has-text-align-center eplus-LNd82E\">The eyes, caught by a breathtaking view of the village of Saint-Paul-de-Vence, then hesitate in the distance between the blue of the sea and the green tones of the mountains.<br>The ear entertained, the day, by the song of the cicadas, the evening, by the suave croaking of the frogs.<br>The subtle essences of pine and lavender tickle the olfactory senses.<br><br>All the senses are invited!<\/p>\n\n\n\n\n\n<div class=\"divider div-transparent div-dot\"><\/div>\n\n\n\n\n\n\n<p class=\"has-text-align-center eplus-p1YK9r\">A few minutes away from the iconic Place of <strong><a href=\"https:\/\/www.saint-pauldevence.com\/\" target=\"_blank\" rel=\"noreferrer noopener\">Saint-Paul-de-Vence<\/a><\/strong>, <strong><a href=\"https:\/\/labastige-saintpaul.fr\/en\/\">LA BASTIGE<\/a><\/strong>, this villa, with its linear, simple architecture using authentic, contemporary and traditional materials, combines modernity and originality.<\/p>\n\n\n<div class=\"divider div-transparent div-dot\"><\/div>\n\n\n<p style=\"text-align: center;\">From a pure interior style, you will enjoy a living space totally open to the garden and the swimming pool.<br \/>A pool house suitable for meals with family or friends completes the facilities.<br \/>For the sportive ones, a private tennis court is available.<br \/>An authentic setting out of sight offering a real invitation to relax and share.<\/p>\n\n\n\n\n<div class=\"divider div-transparent div-dot\"><\/div>\n\n\n<p id=\"cal\"><\/p>\n\n\n\n<figure class=\"wp-block-table aligncenter eplus-Y8gC1R is-style-regular\" style=\"font-size:16px\"><table class=\"has-background has-border-color has-secondary-border-color\" style=\"background-color:#f3f4f5;border-width:2px\"><thead><tr><th class=\"has-text-align-center\" data-align=\"center\"><\/th><th class=\"has-text-align-center\" data-align=\"center\"><\/th><th class=\"has-text-align-center\" data-align=\"center\"><\/th><\/tr><\/thead><tbody><tr><td class=\"has-text-align-center\" data-align=\"center\">11\/01\/2025<br>au 31\/05\/2025<br>04\/10\/2025<br>au 20\/12\/2025<\/td><td class=\"has-text-align-center\" data-align=\"center\">31\/05\/2025<br>au 28\/06\/2025<br>06\/09\/2025<br>au 04\/10\/2025<\/td><td class=\"has-text-align-center\" data-align=\"center\">28\/06\/2025<br>au 06\/09\/2025<\/td><\/tr><tr><td class=\"has-text-align-center\" data-align=\"center\">6 500 \u20ac per week (1) (2) (3)<\/td><td class=\"has-text-align-center\" data-align=\"center\">9 500 \u20ac per week<\/td><td class=\"has-text-align-center\" data-align=\"center\">14 000 \u20ac per week<\/td><\/tr><\/tbody><\/table><figcaption class=\"wp-element-caption\">(1) small cleaning on request: 30\u20ac per hour with 1 person, 60\u20ac per hour with 2 persons at the same time.<br>(2) 7 nights minimum excluding Ascension weekend, Pentecost or C\u00f4te d'Azur festivities.<br>(3) for low season only 200\u20ac per week for pool heating <a href=\"http:\/\/labastige-saintpaul.fr\/en\/contact\/\">Contact us!<\/a><\/figcaption><\/figure>\n\n\n\n<p class=\"has-text-align-center\">Discover also our <a href=\"https:\/\/labastige-saintpaul.fr\/en\/villa-prestige-services-et-prestations-location\/\">prestations<\/a> for the <strong>rental<\/strong> of this magnificent <strong>villa<\/strong> in <strong>Saint-Paul de Vence<\/strong> !<\/p>\n\n\n<div class=\"wp-block-image is-style-tw-rounded-corners\">\n<figure class=\"aligncenter size-large is-resized\"><a href=\"https:\/\/labastige-saintpaul.fr\/en\/villa-prestige-services-et-prestations-location\/\"><img loading=\"lazy\" decoding=\"async\" width=\"1024\" height=\"675\" src=\"http:\/\/labastige-saintpaul.fr\/wp-content\/uploads\/2021\/03\/IMG_9801--1024x675.jpg\" alt=\"\" class=\"wp-image-1193\" style=\"width:419px;height:276px\" srcset=\"https:\/\/labastige-saintpaul.fr\/wp-content\/uploads\/2021\/03\/IMG_9801--1024x675.jpg 1024w, https:\/\/labastige-saintpaul.fr\/wp-content\/uploads\/2021\/03\/IMG_9801--300x198.jpg 300w, https:\/\/labastige-saintpaul.fr\/wp-content\/uploads\/2021\/03\/IMG_9801--768x506.jpg 768w, https:\/\/labastige-saintpaul.fr\/wp-content\/uploads\/2021\/03\/IMG_9801--1536x1012.jpg 1536w, https:\/\/labastige-saintpaul.fr\/wp-content\/uploads\/2021\/03\/IMG_9801--16x12.jpg 16w, https:\/\/labastige-saintpaul.fr\/wp-content\/uploads\/2021\/03\/IMG_9801--1200x791.jpg 1200w, https:\/\/labastige-saintpaul.fr\/wp-content\/uploads\/2021\/03\/IMG_9801-.jpg 1660w\" sizes=\"(max-width: 1024px) 100vw, 1024px\" \/><\/a><\/figure><\/div>","protected":false},"excerpt":{"rendered":"<p>Nich\u00e9e sur les collines du village historique de Saint-Paul-de-Vence, cach\u00e9e au d\u00e9tour d&rsquo;un chemin, une \u00e9l\u00e9gante villa \u00e0 la location, de style contemporain, s&rsquo;ouvre sur un jardin plant\u00e9 d&rsquo;oliviers centenaires et sur une piscine priv\u00e9e. Tout est pens\u00e9 \u00e0 LA BASTIGE, pas de hasard: Le regard, attir\u00e9 par une vue \u00e9poustouflante sur le village de&hellip;<\/p>","protected":false},"author":1,"featured_media":0,"parent":0,"menu_order":0,"comment_status":"closed","ping_status":"closed","template":"","meta":{"footnotes":""},"yoast_head":"<!-- This site is optimized with the Yoast SEO plugin v24.0 - https:\/\/yoast.com\/wordpress\/plugins\/seo\/ -->\n<title>La Bastige de Saint-Paul \/\/ Luxueuse villa \u00e0 la location<\/title>\n<meta name=\"description\" content=\"Sur les collines de Saint Paul de Vence, \u00e9l\u00e9gante et grande villa contemporaine \u00e0 la location, vue sur le village, la mer et les montagnes.\" \/>\n<meta name=\"robots\" content=\"index, follow, max-snippet:-1, max-image-preview:large, max-video-preview:-1\" \/>\n<link rel=\"canonical\" href=\"https:\/\/labastige-saintpaul.fr\/en\/\" \/>\n<meta property=\"og:locale\" content=\"en_GB\" \/>\n<meta property=\"og:type\" content=\"article\" \/>\n<meta property=\"og:title\" content=\"La Bastige de Saint-Paul \/\/ Luxueuse villa \u00e0 la location\" \/>\n<meta property=\"og:description\" content=\"Sur les collines de Saint Paul de Vence, \u00e9l\u00e9gante et grande villa contemporaine \u00e0 la location, vue sur le village, la mer et les montagnes.\" \/>\n<meta property=\"og:url\" content=\"https:\/\/labastige-saintpaul.fr\/en\/\" \/>\n<meta property=\"og:site_name\" content=\"La Bastige de Saint-Paul\" \/>\n<meta property=\"article:modified_time\" content=\"2024-12-11T22:50:32+00:00\" \/>\n<meta property=\"og:image\" content=\"http:\/\/labastige-saintpaul.fr\/wp-content\/uploads\/2021\/03\/IMG_9801--1024x675.jpg\" \/>\n<meta name=\"twitter:card\" content=\"summary_large_image\" \/>\n<meta name=\"twitter:label1\" content=\"Estimated reading time\" \/>\n\t<meta name=\"twitter:data1\" content=\"2 minutes\" \/>\n<script type=\"application\/ld+json\" class=\"yoast-schema-graph\">{\"@context\":\"https:\/\/schema.org\",\"@graph\":[{\"@type\":\"WebPage\",\"@id\":\"http:\/\/labastige-saintpaul.fr\/\",\"url\":\"http:\/\/labastige-saintpaul.fr\/\",\"name\":\"La Bastige de Saint-Paul \/\/ Luxueuse villa \u00e0 la location\",\"isPartOf\":{\"@id\":\"http:\/\/labastige-saintpaul.fr\/#website\"},\"primaryImageOfPage\":{\"@id\":\"http:\/\/labastige-saintpaul.fr\/#primaryimage\"},\"image\":{\"@id\":\"http:\/\/labastige-saintpaul.fr\/#primaryimage\"},\"thumbnailUrl\":\"http:\/\/labastige-saintpaul.fr\/wp-content\/uploads\/2021\/03\/IMG_9801--1024x675.jpg\",\"datePublished\":\"2020-07-21T21:27:53+00:00\",\"dateModified\":\"2024-12-11T22:50:32+00:00\",\"description\":\"Sur les collines de Saint Paul de Vence, \u00e9l\u00e9gante et grande villa contemporaine \u00e0 la location, vue sur le village, la mer et les montagnes.\",\"breadcrumb\":{\"@id\":\"http:\/\/labastige-saintpaul.fr\/#breadcrumb\"},\"inLanguage\":\"en-GB\",\"potentialAction\":[{\"@type\":\"ReadAction\",\"target\":[\"http:\/\/labastige-saintpaul.fr\/\"]}]},{\"@type\":\"ImageObject\",\"inLanguage\":\"en-GB\",\"@id\":\"http:\/\/labastige-saintpaul.fr\/#primaryimage\",\"url\":\"http:\/\/labastige-saintpaul.fr\/wp-content\/uploads\/2021\/03\/IMG_9801--1024x675.jpg\",\"contentUrl\":\"http:\/\/labastige-saintpaul.fr\/wp-content\/uploads\/2021\/03\/IMG_9801--1024x675.jpg\"},{\"@type\":\"BreadcrumbList\",\"@id\":\"http:\/\/labastige-saintpaul.fr\/#breadcrumb\",\"itemListElement\":[{\"@type\":\"ListItem\",\"position\":1,\"name\":\"Accueil\",\"item\":\"http:\/\/labastige-saintpaul.fr\/\"},{\"@type\":\"ListItem\",\"position\":2,\"name\":\"L&rsquo;esprit de la Bastige\"}]},{\"@type\":\"WebSite\",\"@id\":\"http:\/\/labastige-saintpaul.fr\/#website\",\"url\":\"http:\/\/labastige-saintpaul.fr\/\",\"name\":\"La Bastige de Saint-Paul\",\"description\":\"\",\"publisher\":{\"@id\":\"http:\/\/labastige-saintpaul.fr\/#organization\"},\"potentialAction\":[{\"@type\":\"SearchAction\",\"target\":{\"@type\":\"EntryPoint\",\"urlTemplate\":\"http:\/\/labastige-saintpaul.fr\/?s={search_term_string}\"},\"query-input\":{\"@type\":\"PropertyValueSpecification\",\"valueRequired\":true,\"valueName\":\"search_term_string\"}}],\"inLanguage\":\"en-GB\"},{\"@type\":\"Organization\",\"@id\":\"http:\/\/labastige-saintpaul.fr\/#organization\",\"name\":\"La Bastige Saint-Paul\",\"url\":\"http:\/\/labastige-saintpaul.fr\/\",\"logo\":{\"@type\":\"ImageObject\",\"inLanguage\":\"en-GB\",\"@id\":\"http:\/\/labastige-saintpaul.fr\/#\/schema\/logo\/image\/\",\"url\":\"http:\/\/labastige-saintpaul.fr\/wp-content\/uploads\/slider4\/Logo-Bastige.png\",\"contentUrl\":\"http:\/\/labastige-saintpaul.fr\/wp-content\/uploads\/slider4\/Logo-Bastige.png\",\"width\":1366,\"height\":768,\"caption\":\"La Bastige Saint-Paul\"},\"image\":{\"@id\":\"http:\/\/labastige-saintpaul.fr\/#\/schema\/logo\/image\/\"}}]}<\/script>\n<!-- \/ Yoast SEO plugin. -->","yoast_head_json":{"title":"La Bastige de Saint-Paul \/\/ Luxueuse villa \u00e0 la location","description":"Sur les collines de Saint Paul de Vence, \u00e9l\u00e9gante et grande villa contemporaine \u00e0 la location, vue sur le village, la mer et les montagnes.","robots":{"index":"index","follow":"follow","max-snippet":"max-snippet:-1","max-image-preview":"max-image-preview:large","max-video-preview":"max-video-preview:-1"},"canonical":"https:\/\/labastige-saintpaul.fr\/en\/","og_locale":"en_GB","og_type":"article","og_title":"La Bastige de Saint-Paul \/\/ Luxueuse villa \u00e0 la location","og_description":"Sur les collines de Saint Paul de Vence, \u00e9l\u00e9gante et grande villa contemporaine \u00e0 la location, vue sur le village, la mer et les montagnes.","og_url":"https:\/\/labastige-saintpaul.fr\/en\/","og_site_name":"La Bastige de Saint-Paul","article_modified_time":"2024-12-11T22:50:32+00:00","og_image":[{"url":"http:\/\/labastige-saintpaul.fr\/wp-content\/uploads\/2021\/03\/IMG_9801--1024x675.jpg","type":"","width":"","height":""}],"twitter_card":"summary_large_image","twitter_misc":{"Estimated reading time":"2 minutes"},"schema":{"@context":"https:\/\/schema.org","@graph":[{"@type":"WebPage","@id":"http:\/\/labastige-saintpaul.fr\/","url":"http:\/\/labastige-saintpaul.fr\/","name":"La Bastige de Saint-Paul \/\/ Luxueuse villa \u00e0 la location","isPartOf":{"@id":"http:\/\/labastige-saintpaul.fr\/#website"},"primaryImageOfPage":{"@id":"http:\/\/labastige-saintpaul.fr\/#primaryimage"},"image":{"@id":"http:\/\/labastige-saintpaul.fr\/#primaryimage"},"thumbnailUrl":"http:\/\/labastige-saintpaul.fr\/wp-content\/uploads\/2021\/03\/IMG_9801--1024x675.jpg","datePublished":"2020-07-21T21:27:53+00:00","dateModified":"2024-12-11T22:50:32+00:00","description":"Sur les collines de Saint Paul de Vence, \u00e9l\u00e9gante et grande villa contemporaine \u00e0 la location, vue sur le village, la mer et les montagnes.","breadcrumb":{"@id":"http:\/\/labastige-saintpaul.fr\/#breadcrumb"},"inLanguage":"en-GB","potentialAction":[{"@type":"ReadAction","target":["http:\/\/labastige-saintpaul.fr\/"]}]},{"@type":"ImageObject","inLanguage":"en-GB","@id":"http:\/\/labastige-saintpaul.fr\/#primaryimage","url":"http:\/\/labastige-saintpaul.fr\/wp-content\/uploads\/2021\/03\/IMG_9801--1024x675.jpg","contentUrl":"http:\/\/labastige-saintpaul.fr\/wp-content\/uploads\/2021\/03\/IMG_9801--1024x675.jpg"},{"@type":"BreadcrumbList","@id":"http:\/\/labastige-saintpaul.fr\/#breadcrumb","itemListElement":[{"@type":"ListItem","position":1,"name":"Accueil","item":"http:\/\/labastige-saintpaul.fr\/"},{"@type":"ListItem","position":2,"name":"L&rsquo;esprit de la Bastige"}]},{"@type":"WebSite","@id":"http:\/\/labastige-saintpaul.fr\/#website","url":"http:\/\/labastige-saintpaul.fr\/","name":"La Bastige de Saint-Paul","description":"","publisher":{"@id":"http:\/\/labastige-saintpaul.fr\/#organization"},"potentialAction":[{"@type":"SearchAction","target":{"@type":"EntryPoint","urlTemplate":"http:\/\/labastige-saintpaul.fr\/?s={search_term_string}"},"query-input":{"@type":"PropertyValueSpecification","valueRequired":true,"valueName":"search_term_string"}}],"inLanguage":"en-GB"},{"@type":"Organization","@id":"http:\/\/labastige-saintpaul.fr\/#organization","name":"La Bastige Saint-Paul","url":"http:\/\/labastige-saintpaul.fr\/","logo":{"@type":"ImageObject","inLanguage":"en-GB","@id":"http:\/\/labastige-saintpaul.fr\/#\/schema\/logo\/image\/","url":"http:\/\/labastige-saintpaul.fr\/wp-content\/uploads\/slider4\/Logo-Bastige.png","contentUrl":"http:\/\/labastige-saintpaul.fr\/wp-content\/uploads\/slider4\/Logo-Bastige.png","width":1366,"height":768,"caption":"La Bastige Saint-Paul"},"image":{"@id":"http:\/\/labastige-saintpaul.fr\/#\/schema\/logo\/image\/"}}]}},"_links":{"self":[{"href":"https:\/\/labastige-saintpaul.fr\/en\/wp-json\/wp\/v2\/pages\/2"}],"collection":[{"href":"https:\/\/labastige-saintpaul.fr\/en\/wp-json\/wp\/v2\/pages"}],"about":[{"href":"https:\/\/labastige-saintpaul.fr\/en\/wp-json\/wp\/v2\/types\/page"}],"author":[{"embeddable":true,"href":"https:\/\/labastige-saintpaul.fr\/en\/wp-json\/wp\/v2\/users\/1"}],"replies":[{"embeddable":true,"href":"https:\/\/labastige-saintpaul.fr\/en\/wp-json\/wp\/v2\/comments?post=2"}],"version-history":[{"count":67,"href":"https:\/\/labastige-saintpaul.fr\/en\/wp-json\/wp\/v2\/pages\/2\/revisions"}],"predecessor-version":[{"id":1431,"href":"https:\/\/labastige-saintpaul.fr\/en\/wp-json\/wp\/v2\/pages\/2\/revisions\/1431"}],"wp:attachment":[{"href":"https:\/\/labastige-saintpaul.fr\/en\/wp-json\/wp\/v2\/media?parent=2"}],"curies":[{"name":"wp","href":"https:\/\/api.w.org\/{rel}","templated":true}]}}